{"id":438,"date":"2025-11-04T15:58:56","date_gmt":"2025-11-04T15:58:56","guid":{"rendered":"https:\/\/groundrak.fi\/contact\/"},"modified":"2025-11-09T18:04:11","modified_gmt":"2025-11-09T18:04:11","slug":"contact","status":"publish","type":"page","link":"https:\/\/groundrak.fi\/en\/contact\/","title":{"rendered":"Contact us"},"content":{"rendered":"\n\n\t\t\t<h1>\n\t\t\t\t\tYhteystiedot\n\t\t\t\t<\/h1>\n\t\t\t<h2>\n\t\t\t\t\tHaluatko pyyt\u00e4\u00e4 tarjouksen tai l\u00e4hett\u00e4\u00e4 meille viestin?\n\t\t\t\t<\/h2>\n\t\n\t<div class=\"wpforms-container \" id=\"wpforms-826\"><form id=\"wpforms-form-826\" class=\"wpforms-validate wpforms-form wpforms-ajax-form\" data-formid=\"826\" method=\"post\" enctype=\"multipart\/form-data\" action=\"\/en\/wp-json\/wp\/v2\/pages\/438\" data-token=\"6b05fc84f0f228354dbd124ccb077c3d\" data-token-time=\"1778709233\"><noscript class=\"wpforms-error-noscript\">Please enable JavaScript in your browser to complete this form.<\/noscript><div class=\"wpforms-field-container\"><div id=\"wpforms-826-field_1-container\" class=\"wpforms-field wpforms-field-name\" data-field-id=\"1\"><label class=\"wpforms-field-label\" for=\"wpforms-826-field_1\">Nimi: <span class=\"wpforms-required-label\">*<\/span><\/label><div class=\"wpforms-field-row wpforms-field-medium\"><div class=\"wpforms-field-row-block wpforms-first wpforms-one-half\"><input type=\"text\" id=\"wpforms-826-field_1\" class=\"wpforms-field-name-first wpforms-field-required\" name=\"wpforms[fields][1][first]\" placeholder=\"Etunimi:\" required><label for=\"wpforms-826-field_1\" class=\"wpforms-field-sublabel after wpforms-sublabel-hide\">First<\/label><\/div><div class=\"wpforms-field-row-block wpforms-one-half\"><input type=\"text\" id=\"wpforms-826-field_1-last\" class=\"wpforms-field-name-last wpforms-field-required\" name=\"wpforms[fields][1][last]\" placeholder=\"Sukunimi:\" required><label for=\"wpforms-826-field_1-last\" class=\"wpforms-field-sublabel after wpforms-sublabel-hide\">Last<\/label><\/div><\/div><\/div><div id=\"wpforms-826-field_2-container\" class=\"wpforms-field wpforms-field-email\" data-field-id=\"2\"><label class=\"wpforms-field-label\" for=\"wpforms-826-field_2\">S\u00e4hk\u00f6posti: <span class=\"wpforms-required-label\">*<\/span><\/label><input type=\"email\" id=\"wpforms-826-field_2\" class=\"wpforms-field-medium wpforms-field-required\" name=\"wpforms[fields][2]\" placeholder=\"S\u00e4hk\u00f6postisi:\" spellcheck=\"false\" required><\/div><div id=\"wpforms-826-field_5-container\" class=\"wpforms-field wpforms-field-text\" data-field-id=\"5\"><label class=\"wpforms-field-label\" for=\"wpforms-826-field_5\">Puhelin:<\/label><input type=\"text\" id=\"wpforms-826-field_5\" class=\"wpforms-field-medium\" name=\"wpforms[fields][5]\" placeholder=\"Puhelinnumerosi:\" ><\/div>\t\t<div id=\"wpforms-826-field_4-container\"\n\t\t\tclass=\"wpforms-field wpforms-field-text\"\n\t\t\tdata-field-type=\"text\"\n\t\t\tdata-field-id=\"4\"\n\t\t\t>\n\t\t\t<label class=\"wpforms-field-label\" for=\"wpforms-826-field_4\" >Viesti: S\u00e4hk\u00f6posti: Nimi:<\/label>\n\t\t\t<input type=\"text\" id=\"wpforms-826-field_4\" class=\"wpforms-field-medium\" name=\"wpforms[fields][4]\" >\n\t\t<\/div>\n\t\t<div id=\"wpforms-826-field_3-container\" class=\"wpforms-field wpforms-field-textarea\" data-field-id=\"3\"><label class=\"wpforms-field-label\" for=\"wpforms-826-field_3\">Viesti:<\/label><textarea id=\"wpforms-826-field_3\" class=\"wpforms-field-medium\" name=\"wpforms[fields][3]\" placeholder=\"Kirjoita t\u00e4h\u00e4n viesti, jonka haluat l\u00e4hett\u00e4\u00e4 meille:\" ><\/textarea><\/div><script>\n\t\t\t\t( function() {\n\t\t\t\t\tconst style = document.createElement( 'style' );\n\t\t\t\t\tstyle.appendChild( document.createTextNode( '#wpforms-826-field_4-container { position: absolute !important; overflow: hidden !important; display: inline !important; height: 1px !important; width: 1px !important; z-index: -1000 !important; padding: 0 !important; } #wpforms-826-field_4-container input { visibility: hidden; } #wpforms-conversational-form-page #wpforms-826-field_4-container label { counter-increment: none; }' ) );\n\t\t\t\t\tdocument.head.appendChild( style );\n\t\t\t\t\tdocument.currentScript?.remove();\n\t\t\t\t} )();\n\t\t\t<\/script><\/div><!-- .wpforms-field-container --><div class=\"wpforms-recaptcha-container wpforms-is-recaptcha wpforms-is-recaptcha-type-v3\" ><input type=\"hidden\" name=\"wpforms[recaptcha]\" value=\"\"><\/div><div class=\"wpforms-submit-container\" ><input type=\"hidden\" name=\"wpforms[id]\" value=\"826\"><input type=\"hidden\" name=\"page_title\" value=\"\"><input type=\"hidden\" name=\"page_url\" value=\"https:\/\/groundrak.fi\/en\/wp-json\/wp\/v2\/pages\/438\"><input type=\"hidden\" name=\"url_referer\" value=\"\"><button type=\"submit\" name=\"wpforms[submit]\" id=\"wpforms-submit-826\" class=\"wpforms-submit\" data-alt-text=\"L\u00e4hett\u00e4\u00e4...\" data-submit-text=\"L\u00e4het\u00e4 viesti!\" aria-live=\"assertive\" value=\"wpforms-submit\">L\u00e4het\u00e4 viesti!<\/button><img loading=\"lazy\" decoding=\"async\" src=\"https:\/\/groundrak.fi\/wp-content\/plugins\/wpforms-lite\/assets\/images\/submit-spin.svg\" class=\"wpforms-submit-spinner\" style=\"display: none;\" width=\"26\" height=\"26\" alt=\"Loading\"><\/div><\/form><\/div>  <!-- .wpforms-container -->\n\t\t\t<h2>\n\t\t\t\t\tYhteystiedot\n\t\t\t\t<\/h2>\n\t\t\t<h6>\n\t\t\t\t\tOsoite:\n\t\t\t\t<\/h6>\n\t\t\t<p>Kesklinn, Tallinna, Harjun maakunta, 10152, Viro<\/p>\n\t\t\t<h6>\n\t\t\t\t\tS\u00e4hk\u00f6posti:\n\t\t\t\t<\/h6>\n\t\t\t<p><a rel=\"noopener\" data-start=\"110\" data-end=\"127\" data-is-last-node=\"\" data-is-only-node=\"\">info@groundrak.fi<\/a><\/p>\n\t\t\t<h6>\n\t\t\t\t\tPuhelin:\n\t\t\t\t<\/h6>\n\t\t\t<p>+372 5590 3646<\/p>\n\t\t\t\t<img decoding=\"async\" src=\"https:\/\/groundrak.fi\/wp-content\/uploads\/2025\/11\/05ac8328-0311-43b4-9f57-b4442d68ec4f-Firefly-Upscaler-2x-scale.jpg\" alt=\"05ac8328 0311 43b4 9f57 b4442d68ec4f firefly upscaler 2x scale\" itemprop=\"image\" height=\"1920\" width=\"1280\" title=\"05ac8328 0311 43b4 9f57 b4442d68ec4f firefly upscaler 2x scale\" onerror=\"this.style.display='none'\" loading=\"lazy\" \/>\n\t<p><strong data-start=\"513\" data-end=\"529\">Germo Russak<\/strong><br data-start=\"529\" data-end=\"532\" \/>Omistaja<br data-start=\"540\" data-end=\"543\" \/><a rel=\"noopener\" data-start=\"546\" data-end=\"564\">germo@groundrak.fi<\/a><br data-start=\"564\" data-end=\"567\" \/><strong data-start=\"567\" data-end=\"583\">GroundRak OY<\/strong><\/p>\n\t\t\t\t<img decoding=\"async\" src=\"https:\/\/groundrak.fi\/wp-content\/uploads\/2025\/11\/111d8296-3901-49c5-9d86-228e1a5de6c4-Firefly-Upscaler-2x-scale.jpg\" alt=\"111d8296 3901 49c5 9d86 228e1a5de6c4 firefly upscaler 2x scale\" itemprop=\"image\" height=\"2160\" width=\"1440\" title=\"111d8296 3901 49c5 9d86 228e1a5de6c4 firefly upscaler 2x scale\" onerror=\"this.style.display='none'\" loading=\"lazy\" \/>\n\t<strong data-start=\"585\" data-end=\"602\">Raine Lemvald<\/strong><br data-start=\"602\" data-end=\"605\" \/>Hallituksen j\u00e4sen<br data-start=\"622\" data-end=\"625\" \/><a rel=\"noopener\" data-start=\"628\" data-end=\"646\">raine@groundrak.fi<\/a><br data-start=\"646\" data-end=\"649\" \/><strong data-start=\"649\" data-end=\"665\">GroundRak OY<\/strong>\n\n","protected":false},"excerpt":{"rendered":"<p>Yhteystiedot Haluatko pyyt\u00e4\u00e4 tarjouksen tai l\u00e4hett\u00e4\u00e4 meille viestin? Yhteystiedot Osoite: Kesklinn, Tallinna, Harjun maakunta, 10152, Viro S\u00e4hk\u00f6posti: info@groundrak.fi Puhelin: +372 5590 3646 Germo RussakOmistajagermo@groundrak.fiGroundRak OY Raine LemvaldHallituksen j\u00e4senraine@groundrak.fiGroundRak OY<\/p>","protected":false},"author":1,"featured_media":0,"parent":0,"menu_order":0,"comment_status":"closed","ping_status":"closed","template":"","meta":{"om_disable_all_campaigns":false,"_monsterinsights_skip_tracking":false,"_monsterinsights_sitenote_active":false,"_monsterinsights_sitenote_note":"","_monsterinsights_sitenote_category":0,"_uf_show_specific_survey":0,"_uf_disable_surveys":false,"site-sidebar-layout":"no-sidebar","site-content-layout":"page-builder","ast-site-content-layout":"default","site-content-style":"default","site-sidebar-style":"default","ast-global-header-display":"","ast-banner-title-visibility":"","ast-main-header-display":"","ast-hfb-above-header-display":"","ast-hfb-below-header-display":"","ast-hfb-mobile-header-display":"","site-post-title":"disabled","ast-breadcrumbs-content":"","ast-featured-img":"disabled","footer-sml-layout":"","theme-transparent-header-meta":"enabled","adv-header-id-meta":"","stick-header-meta":"","header-above-stick-meta":"","header-main-stick-meta":"","header-below-stick-meta":"","astra-migrate-meta-layouts":"default","ast-page-background-enabled":"default","ast-page-background-meta":{"desktop":{"background-color":"","background-image":"","background-repeat":"repeat","background-position":"center center","background-size":"auto","background-attachment":"scroll","background-type":"","background-media":"","overlay-type":"","overlay-color":"","overlay-opacity":"","overlay-gradient":""},"tablet":{"background-color":"","background-image":"","background-repeat":"repeat","background-position":"center center","background-size":"auto","background-attachment":"scroll","background-type":"","background-media":"","overlay-type":"","overlay-color":"","overlay-opacity":"","overlay-gradient":""},"mobile":{"background-color":"","background-image":"","background-repeat":"repeat","background-position":"center center","background-size":"auto","background-attachment":"scroll","background-type":"","background-media":"","overlay-type":"","overlay-color":"","overlay-opacity":"","overlay-gradient":""}},"ast-content-background-meta":{"desktop":{"background-color":"var(--ast-global-color-5)","background-image":"","background-repeat":"repeat","background-position":"center center","background-size":"auto","background-attachment":"scroll","background-type":"","background-media":"","overlay-type":"","overlay-color":"","overlay-opacity":"","overlay-gradient":""},"tablet":{"background-color":"var(--ast-global-color-5)","background-image":"","background-repeat":"repeat","background-position":"center center","background-size":"auto","background-attachment":"scroll","background-type":"","background-media":"","overlay-type":"","overlay-color":"","overlay-opacity":"","overlay-gradient":""},"mobile":{"background-color":"var(--ast-global-color-5)","background-image":"","background-repeat":"repeat","background-position":"center center","background-size":"auto","background-attachment":"scroll","background-type":"","background-media":"","overlay-type":"","overlay-color":"","overlay-opacity":"","overlay-gradient":""}},"footnotes":""},"class_list":["post-438","page","type-page","status-publish","hentry"],"aioseo_notices":[],"_links":{"self":[{"href":"https:\/\/groundrak.fi\/en\/wp-json\/wp\/v2\/pages\/438","targetHints":{"allow":["GET"]}}],"collection":[{"href":"https:\/\/groundrak.fi\/en\/wp-json\/wp\/v2\/pages"}],"about":[{"href":"https:\/\/groundrak.fi\/en\/wp-json\/wp\/v2\/types\/page"}],"author":[{"embeddable":true,"href":"https:\/\/groundrak.fi\/en\/wp-json\/wp\/v2\/users\/1"}],"replies":[{"embeddable":true,"href":"https:\/\/groundrak.fi\/en\/wp-json\/wp\/v2\/comments?post=438"}],"version-history":[{"count":5,"href":"https:\/\/groundrak.fi\/en\/wp-json\/wp\/v2\/pages\/438\/revisions"}],"predecessor-version":[{"id":838,"href":"https:\/\/groundrak.fi\/en\/wp-json\/wp\/v2\/pages\/438\/revisions\/838"}],"wp:attachment":[{"href":"https:\/\/groundrak.fi\/en\/wp-json\/wp\/v2\/media?parent=438"}],"curies":[{"name":"wp","href":"https:\/\/api.w.org\/{rel}","templated":true}]}}