{"id":436,"date":"2025-11-04T15:58:56","date_gmt":"2025-11-04T15:58:56","guid":{"rendered":""},"modified":"2025-11-09T17:05:49","modified_gmt":"2025-11-09T17:05:49","slug":"services","status":"publish","type":"page","link":"https:\/\/groundrak.fi\/en\/services\/","title":{"rendered":"Services"},"content":{"rendered":"<h1>\n\t\t\t\t\tServices\n\t\t\t\t<\/h1>\n\t\t\t<h2>\n\t\t\t\t\tHere\u2019s a list of the services we offer:\n\t\t\t\t<\/h2>\n\t\t\t<p>GroundRak OY provides comprehensive industrial and construction services focused on quality, safety, and precision. We cover the entire process \u2013 from planning to final implementation.<\/p>\n\t\t\t\t<img decoding=\"async\" src=\"https:\/\/groundrak.fi\/wp-content\/uploads\/2025\/11\/isolatsiooniteenus.jpg\" alt=\"isolatsiooniteenus\" itemprop=\"image\"\/>\n\t\t\t\t<img decoding=\"async\" src=\"https:\/\/groundrak.fi\/wp-content\/uploads\/2025\/11\/tellinguteenus.jpg\" alt=\"tellinguteenus\" itemprop=\"image\"\/>\n\t\t\t\t<img decoding=\"async\" src=\"https:\/\/groundrak.fi\/wp-content\/uploads\/2025\/11\/yldehitusteenus.jpg\" alt=\"yldehitusteenus\" itemprop=\"image\"\/>\n\t\t\t<h5>\n\t\t\t\t\tInsulation work\n\t\t\t\t<\/h5>\n\t\t\t<p>Thermal, cold, acoustic, and pipe insulation for industrial and building projects.<\/p>\n\t\t\t<h5>\n\t\t\t\t\tScaffolding installation and rental\n\t\t\t\t<\/h5>\n\t\t\t<p>Professional scaffolding setup, maintenance, and dismantling.<\/p>\n\t\t\t<h5>\n\t\t\t\t\tGeneral construction and renovation\n\t\t\t\t<\/h5>\n\t\t\t<p>Construction, repair, and maintenance of buildings according to client needs.<\/p>","protected":false},"excerpt":{"rendered":"<p>Palvelut T\u00e4ss\u00e4 on luettelo tarjoamistamme palveluista: GroundRak OY tarjoaa kokonaisvaltaisia ratkaisuja teollisuus- ja rakennusalalle, keskittyen laatuun, turvallisuuteen ja tarkkuuteen. Palvelumme kattavat koko prosessin suunnittelusta toteutukseen. Eristysty\u00f6t L\u00e4mp\u00f6-, kylm\u00e4-, \u00e4\u00e4ni- ja putkieristykset teollisuus- ja rakennuskohteissa Telineasennus ja vuokraus Ammattimainen telineiden pystytys, huolto ja purku Yleisrakennus ja saneeraus Rakennusten rakennus-, korjaus- ja yll\u00e4pitoty\u00f6t asiakkaan tarpeiden mukaan<\/p>","protected":false},"author":1,"featured_media":0,"parent":0,"menu_order":0,"comment_status":"closed","ping_status":"closed","template":"","meta":{"om_disable_all_campaigns":false,"_monsterinsights_skip_tracking":false,"_monsterinsights_sitenote_active":false,"_monsterinsights_sitenote_note":"","_monsterinsights_sitenote_category":0,"_uf_show_specific_survey":0,"_uf_disable_surveys":false,"site-sidebar-layout":"no-sidebar","site-content-layout":"page-builder","ast-site-content-layout":"default","site-content-style":"default","site-sidebar-style":"default","ast-global-header-display":"","ast-banner-title-visibility":"","ast-main-header-display":"","ast-hfb-above-header-display":"","ast-hfb-below-header-display":"","ast-hfb-mobile-header-display":"","site-post-title":"disabled","ast-breadcrumbs-content":"","ast-featured-img":"disabled","footer-sml-layout":"","theme-transparent-header-meta":"enabled","adv-header-id-meta":"","stick-header-meta":"","header-above-stick-meta":"","header-main-stick-meta":"","header-below-stick-meta":"","astra-migrate-meta-layouts":"default","ast-page-background-enabled":"default","ast-page-background-meta":{"desktop":{"background-color":"","background-image":"","background-repeat":"repeat","background-position":"center center","background-size":"auto","background-attachment":"scroll","background-type":"","background-media":"","overlay-type":"","overlay-color":"","overlay-opacity":"","overlay-gradient":""},"tablet":{"background-color":"","background-image":"","background-repeat":"repeat","background-position":"center center","background-size":"auto","background-attachment":"scroll","background-type":"","background-media":"","overlay-type":"","overlay-color":"","overlay-opacity":"","overlay-gradient":""},"mobile":{"background-color":"","background-image":"","background-repeat":"repeat","background-position":"center center","background-size":"auto","background-attachment":"scroll","background-type":"","background-media":"","overlay-type":"","overlay-color":"","overlay-opacity":"","overlay-gradient":""}},"ast-content-background-meta":{"desktop":{"background-color":"var(--ast-global-color-5)","background-image":"","background-repeat":"repeat","background-position":"center center","background-size":"auto","background-attachment":"scroll","background-type":"","background-media":"","overlay-type":"","overlay-color":"","overlay-opacity":"","overlay-gradient":""},"tablet":{"background-color":"var(--ast-global-color-5)","background-image":"","background-repeat":"repeat","background-position":"center center","background-size":"auto","background-attachment":"scroll","background-type":"","background-media":"","overlay-type":"","overlay-color":"","overlay-opacity":"","overlay-gradient":""},"mobile":{"background-color":"var(--ast-global-color-5)","background-image":"","background-repeat":"repeat","background-position":"center center","background-size":"auto","background-attachment":"scroll","background-type":"","background-media":"","overlay-type":"","overlay-color":"","overlay-opacity":"","overlay-gradient":""}},"footnotes":""},"class_list":["post-436","page","type-page","status-publish","hentry"],"aioseo_notices":[],"_links":{"self":[{"href":"https:\/\/groundrak.fi\/en\/wp-json\/wp\/v2\/pages\/436","targetHints":{"allow":["GET"]}}],"collection":[{"href":"https:\/\/groundrak.fi\/en\/wp-json\/wp\/v2\/pages"}],"about":[{"href":"https:\/\/groundrak.fi\/en\/wp-json\/wp\/v2\/types\/page"}],"author":[{"embeddable":true,"href":"https:\/\/groundrak.fi\/en\/wp-json\/wp\/v2\/users\/1"}],"replies":[{"embeddable":true,"href":"https:\/\/groundrak.fi\/en\/wp-json\/wp\/v2\/comments?post=436"}],"version-history":[{"count":5,"href":"https:\/\/groundrak.fi\/en\/wp-json\/wp\/v2\/pages\/436\/revisions"}],"predecessor-version":[{"id":825,"href":"https:\/\/groundrak.fi\/en\/wp-json\/wp\/v2\/pages\/436\/revisions\/825"}],"wp:attachment":[{"href":"https:\/\/groundrak.fi\/en\/wp-json\/wp\/v2\/media?parent=436"}],"curies":[{"name":"wp","href":"https:\/\/api.w.org\/{rel}","templated":true}]}}