{"id":435,"date":"2025-11-04T15:58:56","date_gmt":"2025-11-04T15:58:56","guid":{"rendered":""},"modified":"2025-11-07T18:01:53","modified_gmt":"2025-11-07T18:01:53","slug":"aboutus","status":"publish","type":"page","link":"https:\/\/groundrak.fi\/en\/aboutus\/","title":{"rendered":"About us"},"content":{"rendered":"<h1>\n\t\t\t\t\tWho we are?\n\t\t\t\t<\/h1>\n\t\t\t<h2>\n\t\t\t\t\tGroundRak &#8211; turvallisuus, luotettavuus, laatu\n\t\t\t\t<\/h2>\n\t\t\tGroundRak on luotettava kumppani eristys-, rakennus- ja telineasennust\u00f6iss\u00e4, ja meill\u00e4 on yli 7 vuoden kokemus Suomesta. Tiimimme on toteuttanut projekteja yli 10 eri tehtaassa ja useilla ulkokohteilla, joissa tarkkuus, turvallisuus ja aikataulun pit\u00e4minen ovat ensiarvoisen t\u00e4rkeit\u00e4.\n\u00a0\nOlemme olleet mukana teollisuusrakennusten saneerauksissa, energiasektorin hankkeissa sek\u00e4 erilaisissa laajoissa huolto- ja rakennust\u00f6iss\u00e4. Vahvuutemme on ammattitaitoinen tiimi, joka pystyy tarjoamaan kokonaisratkaisun &#8211; telineasennuksesta eristyksen viimeiseen kerrokseen saakka.\n\u00a0\nGroundRak merkitsee laatua, turvallisuutta ja luotettavuutta &#8211; tavoitteemme on, ett\u00e4 jokainen toteutettu projekti antaa asiakkaalle varmuutta ja kest\u00e4v\u00e4n lopputuloksen.\n\t\t\t\t<img decoding=\"async\" src=\"https:\/\/groundrak.fi\/wp-content\/uploads\/2025\/11\/GroundRak_BlackSmall.jpg\" alt=\"GroundRak_BlackSmall\" itemprop=\"image\"\/>\n\t\t\t\t<img decoding=\"async\" src=\"https:\/\/groundrak.fi\/wp-content\/uploads\/2025\/11\/GroundRak-30.png\" alt=\"groundrak 30\" itemprop=\"image\" height=\"579\" width=\"640\" title=\"groundrak 30\" onerror=\"this.style.display='none'\" loading=\"lazy\" \/>\n\t\t\t\t<img decoding=\"async\" src=\"https:\/\/groundrak.fi\/wp-content\/uploads\/2025\/11\/GroundRak-31.png\" alt=\"groundrak 31\" itemprop=\"image\" height=\"579\" width=\"640\" title=\"groundrak 31\" onerror=\"this.style.display='none'\" loading=\"lazy\" \/>\n\t\t\t<h4>\n\t\t\t\t\tOur values\n\t\t\t\t<\/h4>\n\t<ul>\n\t\t<li>\t\t\t\t\n\t\t<h5>Ihmiset, joille ty\u00f6 merkitsee vastuuta &#8211;<\/h5><p>Our team doesn\u2019t just work, we take pride in quality and care about customer satisfaction<\/p><\/li><li>\t\t\t\t\n\t\t<h5>L\u00e4sn\u00e4 siell\u00e4, miss\u00e4 meit\u00e4 tarvitaan &#8211;<\/h5><p>We operate all across Finland, regardless of project scale or location<\/p><\/li><li>\t\t\t\t\n\t\t<h5>Vahva ty\u00f6kulttuuri ja luottamus &#8211;<\/h5><p>Our collaboration is built on honesty, reliability, and teamwork<\/p><\/li><li>\t\t\t\t\n\t\t<h5>Kest\u00e4v\u00e4t tulokset, ei v\u00e4liaikaisia ratkaisuja &#8211;<\/h5><p>We focus on durable, safe, and efficient solutions that stand the test of time<\/p><\/li><li>\t\t\t\t\n\t\t<h5>Ratkaisuja, ei tekosyit\u00e4 &#8211;<\/h5><p>When challenges arise, we find a way to solve them instead of finding reasons why it can\u2019t be done<\/p><\/li><li>\t\t\t\t\n\t\t<h5>Jatkuva kehitys &#8211;<\/h5><p>We keep enhancing our methods and technology to stay one step ahead<\/p><\/li><li>\t\t\t\t\n\t\t<h5>Asiakkaan tavoitteet = meid\u00e4n tavoitteemme &#8211;<\/h5><p>We listen, understand, and work to deliver exactly what the client needs<\/p><\/li>\t<\/ul>\n\t\t\t\t<img decoding=\"async\" src=\"https:\/\/groundrak.fi\/wp-content\/uploads\/2025\/11\/meist2.jpg\" alt=\"meist2\" itemprop=\"image\"\/>\n\t\t\t\t<img decoding=\"async\" src=\"https:\/\/groundrak.fi\/wp-content\/uploads\/2025\/11\/GroundRak-28.png\" alt=\"groundrak 28\" itemprop=\"image\" height=\"579\" width=\"640\" title=\"groundrak 28\" onerror=\"this.style.display='none'\" loading=\"lazy\" \/>\n\t\t\t\t<img decoding=\"async\" src=\"https:\/\/groundrak.fi\/wp-content\/uploads\/2025\/11\/GroundRak-29.png\" alt=\"groundrak 29\" itemprop=\"image\" height=\"579\" width=\"640\" title=\"groundrak 29\" onerror=\"this.style.display='none'\" loading=\"lazy\" \/>","protected":false},"excerpt":{"rendered":"<p>Keit\u00e4 me olemme? GroundRak &#8211; turvallisuus, luotettavuus, laatu GroundRak on luotettava kumppani eristys-, rakennus- ja telineasennust\u00f6iss\u00e4, ja meill\u00e4 on yli 7 vuoden kokemus Suomesta. Tiimimme on toteuttanut projekteja yli 10 eri tehtaassa ja useilla ulkokohteilla, joissa tarkkuus, turvallisuus ja aikataulun pit\u00e4minen ovat ensiarvoisen t\u00e4rkeit\u00e4. \u00a0 Olemme olleet mukana teollisuusrakennusten saneerauksissa, energiasektorin hankkeissa sek\u00e4 erilaisissa laajoissa [&hellip;]<\/p>\n","protected":false},"author":1,"featured_media":0,"parent":0,"menu_order":0,"comment_status":"closed","ping_status":"closed","template":"","meta":{"om_disable_all_campaigns":false,"_monsterinsights_skip_tracking":false,"_monsterinsights_sitenote_active":false,"_monsterinsights_sitenote_note":"","_monsterinsights_sitenote_category":0,"_uf_show_specific_survey":0,"_uf_disable_surveys":false,"site-sidebar-layout":"no-sidebar","site-content-layout":"page-builder","ast-site-content-layout":"default","site-content-style":"default","site-sidebar-style":"default","ast-global-header-display":"","ast-banner-title-visibility":"","ast-main-header-display":"","ast-hfb-above-header-display":"","ast-hfb-below-header-display":"","ast-hfb-mobile-header-display":"","site-post-title":"disabled","ast-breadcrumbs-content":"","ast-featured-img":"disabled","footer-sml-layout":"","theme-transparent-header-meta":"enabled","adv-header-id-meta":"","stick-header-meta":"","header-above-stick-meta":"","header-main-stick-meta":"","header-below-stick-meta":"","astra-migrate-meta-layouts":"default","ast-page-background-enabled":"default","ast-page-background-meta":{"desktop":{"background-color":"","background-image":"","background-repeat":"repeat","background-position":"center center","background-size":"auto","background-attachment":"scroll","background-type":"","background-media":"","overlay-type":"","overlay-color":"","overlay-opacity":"","overlay-gradient":""},"tablet":{"background-color":"","background-image":"","background-repeat":"repeat","background-position":"center center","background-size":"auto","background-attachment":"scroll","background-type":"","background-media":"","overlay-type":"","overlay-color":"","overlay-opacity":"","overlay-gradient":""},"mobile":{"background-color":"","background-image":"","background-repeat":"repeat","background-position":"center center","background-size":"auto","background-attachment":"scroll","background-type":"","background-media":"","overlay-type":"","overlay-color":"","overlay-opacity":"","overlay-gradient":""}},"ast-content-background-meta":{"desktop":{"background-color":"var(--ast-global-color-5)","background-image":"","background-repeat":"repeat","background-position":"center center","background-size":"auto","background-attachment":"scroll","background-type":"","background-media":"","overlay-type":"","overlay-color":"","overlay-opacity":"","overlay-gradient":""},"tablet":{"background-color":"var(--ast-global-color-5)","background-image":"","background-repeat":"repeat","background-position":"center center","background-size":"auto","background-attachment":"scroll","background-type":"","background-media":"","overlay-type":"","overlay-color":"","overlay-opacity":"","overlay-gradient":""},"mobile":{"background-color":"var(--ast-global-color-5)","background-image":"","background-repeat":"repeat","background-position":"center center","background-size":"auto","background-attachment":"scroll","background-type":"","background-media":"","overlay-type":"","overlay-color":"","overlay-opacity":"","overlay-gradient":""}},"footnotes":""},"class_list":["post-435","page","type-page","status-publish","hentry"],"aioseo_notices":[],"_links":{"self":[{"href":"https:\/\/groundrak.fi\/en\/wp-json\/wp\/v2\/pages\/435","targetHints":{"allow":["GET"]}}],"collection":[{"href":"https:\/\/groundrak.fi\/en\/wp-json\/wp\/v2\/pages"}],"about":[{"href":"https:\/\/groundrak.fi\/en\/wp-json\/wp\/v2\/types\/page"}],"author":[{"embeddable":true,"href":"https:\/\/groundrak.fi\/en\/wp-json\/wp\/v2\/users\/1"}],"replies":[{"embeddable":true,"href":"https:\/\/groundrak.fi\/en\/wp-json\/wp\/v2\/comments?post=435"}],"version-history":[{"count":5,"href":"https:\/\/groundrak.fi\/en\/wp-json\/wp\/v2\/pages\/435\/revisions"}],"predecessor-version":[{"id":794,"href":"https:\/\/groundrak.fi\/en\/wp-json\/wp\/v2\/pages\/435\/revisions\/794"}],"wp:attachment":[{"href":"https:\/\/groundrak.fi\/en\/wp-json\/wp\/v2\/media?parent=435"}],"curies":[{"name":"wp","href":"https:\/\/api.w.org\/{rel}","templated":true}]}}