{"id":271,"date":"2025-11-04T15:58:56","date_gmt":"2025-11-04T15:58:56","guid":{"rendered":""},"modified":"2025-11-05T19:37:03","modified_gmt":"2025-11-05T19:37:03","slug":"home","status":"publish","type":"page","link":"https:\/\/groundrak.fi\/en\/","title":{"rendered":"Home"},"content":{"rendered":"<h4>\n\t\t\t\t\tInsulation, construction and scaffolding installation in factories and on external sites\n\t\t\t\t<\/h4>\n\t\t\t<h1>\n\t\t\t\t\tWelcome to the GroundRak\n\t\t\t\t<\/h1>\n\t\t\t<h4>\n\t\t\t\t\t7 years of experience\n\t\t\t\t<\/h4>\n\t\t\t<a href=\"https:\/\/groundrak.fi\/en\/contact\/\" target=\"_self\"  role=\"button\">\n\t\t\t\t\t\tContact us\n\t\t<\/a>\n\t\t\t<h2>\n\t\t\t\t\tWhy choose us as your partner?\n\t\t\t\t<\/h2>\n\t\t\t\t<img decoding=\"async\" src=\"https:\/\/groundrak.fi\/wp-content\/uploads\/2025\/11\/GroundRak-24.png\" alt=\"groundrak 24\" itemprop=\"image\"\/>\n\t\t\t<h5>\n\t\t\t\t\tExperience that matters\n\t\t\t\t<\/h5>\n\t\t\t<p>Kokemus, jolla on merkityst\u00e4 &#8211; Tiimill\u00e4mme on yli 7 vuoden kokemus eristys-, teline- ja rakennusalalta Suomessa.<\/p>\n\t\t\t\t<img decoding=\"async\" src=\"https:\/\/groundrak.fi\/wp-content\/uploads\/2025\/11\/GroundRak-27.png\" alt=\"groundrak 27\" itemprop=\"image\"\/>\n\t\t\t<h5>\n\t\t\t\t\tSafety and quality first\n\t\t\t\t<\/h5>\n\t\t\t<p>All our workers are certified and trained according to international safety standards.<\/p>\n\t\t\t\t<img decoding=\"async\" src=\"https:\/\/groundrak.fi\/wp-content\/uploads\/2025\/11\/GroundRak-26.png\" alt=\"groundrak 26\" itemprop=\"image\"\/>\n\t\t\t<h5>\n\t\t\t\t\tFast and precise execution\n\t\t\t\t<\/h5>\n\t\t\t<p>Hyvin suunniteltu ty\u00f6 ja ammattimainen hallinta takaavat, ett\u00e4 projektimme valmistuvat ajallaan &#8211; ilman viiv\u00e4styksi\u00e4.<\/p>\n\t\t\t\t<img decoding=\"async\" src=\"https:\/\/groundrak.fi\/wp-content\/uploads\/2025\/11\/GroundRak-25.png\" alt=\"groundrak 25\" itemprop=\"image\"\/>\n\t\t\t<h5>\n\t\t\t\t\tFlexible and reliable partner\n\t\t\t\t<\/h5>\n\t\t\t<p>Olemme tunnettuja avoimesta viestinn\u00e4st\u00e4 ja rehellisest\u00e4 yhteisty\u00f6st\u00e4 &#8211; toimitamme juuri sen, mink\u00e4 lupaamme.<\/p>\n\t\t\t<h2>\n\t\t\t\t\tCompleted projects\n\t\t\t\t<\/h2>\n\t\t\t<p>Over the past 7 years, we have taken part in many projects.<\/p>\n\t\t\t<a href=\"https:\/\/groundrak.fi\/en\/projects\/\" target=\"_self\"  role=\"button\">\n\t\t\t\t\t\tView completed projects\n\t\t<\/a>\n\t\t\t<h2>\n\t\t\t\t\tCustomer feedback\n\t\t\t\t<\/h2>","protected":false},"excerpt":{"rendered":"<p>Eristysty\u00f6t, yleisrakennusty\u00f6t ja telineasennukset tehtaissa ja ulkokohteissa Tervetuloa GroundRakin sivulle 7 vuoden kokemus Ota yhteytt\u00e4 Miksi valita meid\u00e4t yhteisty\u00f6kumppaniksi? Kokemus, jolla on merkityst\u00e4 Kokemus, jolla on merkityst\u00e4 &#8211; Tiimill\u00e4mme on yli 7 vuoden kokemus eristys-, teline- ja rakennusalalta Suomessa. Turvallisuus ja laatu ensin Kaikki ty\u00f6ntekij\u00e4mme ovat sertifioituja ja koulutettuja kansainv\u00e4listen turvallisuusstandardien mukaisesti. Nopea ja tarkka [&hellip;]<\/p>\n","protected":false},"author":1,"featured_media":0,"parent":0,"menu_order":0,"comment_status":"closed","ping_status":"closed","template":"","meta":{"om_disable_all_campaigns":false,"_monsterinsights_skip_tracking":false,"_monsterinsights_sitenote_active":false,"_monsterinsights_sitenote_note":"","_monsterinsights_sitenote_category":0,"_uf_show_specific_survey":0,"_uf_disable_surveys":false,"site-sidebar-layout":"no-sidebar","site-content-layout":"page-builder","ast-site-content-layout":"default","site-content-style":"default","site-sidebar-style":"default","ast-global-header-display":"","ast-banner-title-visibility":"","ast-main-header-display":"","ast-hfb-above-header-display":"","ast-hfb-below-header-display":"","ast-hfb-mobile-header-display":"","site-post-title":"disabled","ast-breadcrumbs-content":"","ast-featured-img":"disabled","footer-sml-layout":"","theme-transparent-header-meta":"enabled","adv-header-id-meta":"","stick-header-meta":"","header-above-stick-meta":"","header-main-stick-meta":"","header-below-stick-meta":"","astra-migrate-meta-layouts":"default","ast-page-background-enabled":"default","ast-page-background-meta":{"desktop":{"background-color":"","background-image":"","background-repeat":"repeat","background-position":"center center","background-size":"auto","background-attachment":"scroll","background-type":"","background-media":"","overlay-type":"","overlay-color":"","overlay-opacity":"","overlay-gradient":""},"tablet":{"background-color":"","background-image":"","background-repeat":"repeat","background-position":"center center","background-size":"auto","background-attachment":"scroll","background-type":"","background-media":"","overlay-type":"","overlay-color":"","overlay-opacity":"","overlay-gradient":""},"mobile":{"background-color":"","background-image":"","background-repeat":"repeat","background-position":"center center","background-size":"auto","background-attachment":"scroll","background-type":"","background-media":"","overlay-type":"","overlay-color":"","overlay-opacity":"","overlay-gradient":""}},"ast-content-background-meta":{"desktop":{"background-color":"var(--ast-global-color-5)","background-image":"","background-repeat":"repeat","background-position":"center center","background-size":"auto","background-attachment":"scroll","background-type":"","background-media":"","overlay-type":"","overlay-color":"","overlay-opacity":"","overlay-gradient":""},"tablet":{"background-color":"var(--ast-global-color-5)","background-image":"","background-repeat":"repeat","background-position":"center center","background-size":"auto","background-attachment":"scroll","background-type":"","background-media":"","overlay-type":"","overlay-color":"","overlay-opacity":"","overlay-gradient":""},"mobile":{"background-color":"var(--ast-global-color-5)","background-image":"","background-repeat":"repeat","background-position":"center center","background-size":"auto","background-attachment":"scroll","background-type":"","background-media":"","overlay-type":"","overlay-color":"","overlay-opacity":"","overlay-gradient":""}},"footnotes":""},"class_list":["post-271","page","type-page","status-publish","hentry"],"aioseo_notices":[],"_links":{"self":[{"href":"https:\/\/groundrak.fi\/en\/wp-json\/wp\/v2\/pages\/271","targetHints":{"allow":["GET"]}}],"collection":[{"href":"https:\/\/groundrak.fi\/en\/wp-json\/wp\/v2\/pages"}],"about":[{"href":"https:\/\/groundrak.fi\/en\/wp-json\/wp\/v2\/types\/page"}],"author":[{"embeddable":true,"href":"https:\/\/groundrak.fi\/en\/wp-json\/wp\/v2\/users\/1"}],"replies":[{"embeddable":true,"href":"https:\/\/groundrak.fi\/en\/wp-json\/wp\/v2\/comments?post=271"}],"version-history":[{"count":5,"href":"https:\/\/groundrak.fi\/en\/wp-json\/wp\/v2\/pages\/271\/revisions"}],"predecessor-version":[{"id":740,"href":"https:\/\/groundrak.fi\/en\/wp-json\/wp\/v2\/pages\/271\/revisions\/740"}],"wp:attachment":[{"href":"https:\/\/groundrak.fi\/en\/wp-json\/wp\/v2\/media?parent=271"}],"curies":[{"name":"wp","href":"https:\/\/api.w.org\/{rel}","templated":true}]}}